{"id":2003,"date":"2025-05-16T14:38:51","date_gmt":"2025-05-16T12:38:51","guid":{"rendered":"https:\/\/medipro.lima-city.de\/?post_type=product&#038;p=2003"},"modified":"2025-06-01T10:14:40","modified_gmt":"2025-06-01T08:14:40","slug":"cerave-sa-glaettende-reinigung-473-ml","status":"publish","type":"product","link":"https:\/\/medipro.lima-city.de\/?product=cerave-sa-glaettende-reinigung-473-ml","title":{"rendered":"CeraVe SA Gl\u00e4ttende Reinigung (473 ml)"},"content":{"rendered":"<h3 class=\"\" data-start=\"156\" data-end=\"202\">\ud83d\udca1 <strong data-start=\"163\" data-end=\"200\">Kurzinformation\u00a0<\/strong><\/h3>\n<p class=\"\" data-start=\"203\" data-end=\"602\">Die sanft gl\u00e4ttende Reinigung wurde gemeinsam mit Dermatolog:innen entwickelt \u2013 ohne Mikropeeling-Partikel und ideal f\u00fcr empfindliche Haut. Mit 3 essenziellen Ceramiden, Salicyls\u00e4ure und Hyalurons\u00e4ure entfernt sie trockene, raue Hautsch\u00fcppchen besonders mild \u2013 ohne die Hautschutzbarriere zu st\u00f6ren.<br data-start=\"502\" data-end=\"505\" \/>Die parf\u00fcmfreie Formel ist nicht komedogen und somit auch f\u00fcr empfindliche Haut bestens geeignet.<\/p>\n<h3 class=\"\" data-start=\"609\" data-end=\"640\">\ud83e\uddf4 <strong data-start=\"616\" data-end=\"638\">Anwendungsgebiete:<\/strong><\/h3>\n<p class=\"\" data-start=\"641\" data-end=\"813\">Ideal f\u00fcr trockene, raue oder empfindliche Haut. Die Reinigung hilft, die Haut sanft zu kl\u00e4ren und unterst\u00fctzt gleichzeitig den Erhalt einer starken, gesunden Hautbarriere.<\/p>\n<h3 class=\"\" data-start=\"820\" data-end=\"842\">\u2728 <strong data-start=\"826\" data-end=\"840\">Anwendung:<\/strong><\/h3>\n<p class=\"\" data-start=\"843\" data-end=\"952\">Auf die feuchte Haut auftragen, sanft einmassieren und gr\u00fcndlich mit Wasser absp\u00fclen. Augenkontakt vermeiden.<\/p>\n","protected":false},"excerpt":{"rendered":"<p>Zarte Reinigung f\u00fcr glatte, ebenm\u00e4\u00dfige Haut \u2013 ideal bei trockener und rauer Hautstruktur.<\/p>\n","protected":false},"featured_media":2004,"template":"","meta":{"site-sidebar-layout":"default","site-content-layout":"","ast-site-content-layout":"default","site-content-style":"default","site-sidebar-style":"default","ast-global-header-display":"","ast-banner-title-visibility":"","ast-main-header-display":"","ast-hfb-above-header-display":"","ast-hfb-below-header-display":"","ast-hfb-mobile-header-display":"","site-post-title":"","ast-breadcrumbs-content":"","ast-featured-img":"","footer-sml-layout":"","theme-transparent-header-meta":"default","adv-header-id-meta":"","stick-header-meta":"","header-above-stick-meta":"","header-main-stick-meta":"","header-below-stick-meta":"","astra-migrate-meta-layouts":"set","ast-page-background-enabled":"default","ast-page-background-meta":{"desktop":{"background-color":"","background-image":"","background-repeat":"repeat","background-position":"center center","background-size":"auto","background-attachment":"scroll","background-type":"","background-media":"","overlay-type":"","overlay-color":"","overlay-opacity":"","overlay-gradient":""},"tablet":{"background-color":"","background-image":"","background-repeat":"repeat","background-position":"center center","background-size":"auto","background-attachment":"scroll","background-type":"","background-media":"","overlay-type":"","overlay-color":"","overlay-opacity":"","overlay-gradient":""},"mobile":{"background-color":"","background-image":"","background-repeat":"repeat","background-position":"center center","background-size":"auto","background-attachment":"scroll","background-type":"","background-media":"","overlay-type":"","overlay-color":"","overlay-opacity":"","overlay-gradient":""}},"ast-content-background-meta":{"desktop":{"background-color":"var(--ast-global-color-5)","background-image":"","background-repeat":"repeat","background-position":"center center","background-size":"auto","background-attachment":"scroll","background-type":"","background-media":"","overlay-type":"","overlay-color":"","overlay-opacity":"","overlay-gradient":""},"tablet":{"background-color":"var(--ast-global-color-5)","background-image":"","background-repeat":"repeat","background-position":"center center","background-size":"auto","background-attachment":"scroll","background-type":"","background-media":"","overlay-type":"","overlay-color":"","overlay-opacity":"","overlay-gradient":""},"mobile":{"background-color":"var(--ast-global-color-5)","background-image":"","background-repeat":"repeat","background-position":"center center","background-size":"auto","background-attachment":"scroll","background-type":"","background-media":"","overlay-type":"","overlay-color":"","overlay-opacity":"","overlay-gradient":""}}},"product_brand":[72],"product_cat":[39],"product_tag":[56,58,60,44,57,42,59],"class_list":{"0":"post-2003","1":"product","2":"type-product","3":"status-publish","4":"has-post-thumbnail","6":"product_brand-cerave","7":"product_cat-apotheke","8":"product_tag-cerave","9":"product_tag-glaettend","10":"product_tag-haut","11":"product_tag-lotion","12":"product_tag-oelige-haut","13":"product_tag-reinigung","14":"product_tag-unreine-haut","15":"desktop-align-center","16":"tablet-align-left","17":"mobile-align-left","19":"first","20":"instock","21":"taxable","22":"shipping-taxable","23":"purchasable","24":"product-type-simple"},"_links":{"self":[{"href":"https:\/\/medipro.lima-city.de\/index.php?rest_route=\/wp\/v2\/product\/2003","targetHints":{"allow":["GET"]}}],"collection":[{"href":"https:\/\/medipro.lima-city.de\/index.php?rest_route=\/wp\/v2\/product"}],"about":[{"href":"https:\/\/medipro.lima-city.de\/index.php?rest_route=\/wp\/v2\/types\/product"}],"wp:featuredmedia":[{"embeddable":true,"href":"https:\/\/medipro.lima-city.de\/index.php?rest_route=\/wp\/v2\/media\/2004"}],"wp:attachment":[{"href":"https:\/\/medipro.lima-city.de\/index.php?rest_route=%2Fwp%2Fv2%2Fmedia&parent=2003"}],"wp:term":[{"taxonomy":"product_brand","embeddable":true,"href":"https:\/\/medipro.lima-city.de\/index.php?rest_route=%2Fwp%2Fv2%2Fproduct_brand&post=2003"},{"taxonomy":"product_cat","embeddable":true,"href":"https:\/\/medipro.lima-city.de\/index.php?rest_route=%2Fwp%2Fv2%2Fproduct_cat&post=2003"},{"taxonomy":"product_tag","embeddable":true,"href":"https:\/\/medipro.lima-city.de\/index.php?rest_route=%2Fwp%2Fv2%2Fproduct_tag&post=2003"}],"curies":[{"name":"wp","href":"https:\/\/api.w.org\/{rel}","templated":true}]}}