{"id":2000,"date":"2025-05-16T14:33:39","date_gmt":"2025-05-16T12:33:39","guid":{"rendered":"https:\/\/medipro.lima-city.de\/?post_type=product&#038;p=2000"},"modified":"2025-06-01T10:14:40","modified_gmt":"2025-06-01T08:14:40","slug":"pustyrnik-altai","status":"publish","type":"product","link":"https:\/\/medipro.lima-city.de\/?product=pustyrnik-altai","title":{"rendered":"Pustyrnik ALTAI"},"content":{"rendered":"<p class=\"\" data-start=\"231\" data-end=\"674\">Bereits seit dem Mittelalter wird Herzgespann (auf Russisch \u201ePustyrnik\u201c) in der traditionellen Pflanzenheilkunde zur Beruhigung eingesetzt \u2013 besonders bei nerv\u00f6ser Unruhe und innerer Anspannung. Die Kombination mit Melisse verst\u00e4rkt die entspannende Wirkung und unterst\u00fctzt dabei, auch in stressreichen Momenten gelassen zu bleiben. Zus\u00e4tzlich f\u00f6rdern Magnesium und Vitamin B6 die normale Funktion des Nervensystems und die psychische Balance.<\/p>\n<hr class=\"\" data-start=\"676\" data-end=\"679\" \/>\n<h3 class=\"\" data-start=\"681\" data-end=\"701\">\u2705 <strong data-start=\"687\" data-end=\"701\">Ideal bei:<\/strong><\/h3>\n<ul data-start=\"702\" data-end=\"867\">\n<li class=\"\" data-start=\"702\" data-end=\"733\">\n<p class=\"\" data-start=\"704\" data-end=\"733\">innerer Unruhe &amp; Nervosit\u00e4t<\/p>\n<\/li>\n<li class=\"\" data-start=\"734\" data-end=\"771\">\n<p class=\"\" data-start=\"736\" data-end=\"771\">Stress- und Belastungssituationen<\/p>\n<\/li>\n<li class=\"\" data-start=\"772\" data-end=\"815\">\n<p class=\"\" data-start=\"774\" data-end=\"815\">Wunsch nach mehr Gelassenheit im Alltag<\/p>\n<\/li>\n<li class=\"\" data-start=\"816\" data-end=\"867\">\n<p class=\"\" data-start=\"818\" data-end=\"867\">Unterst\u00fctzung mit nat\u00fcrlichen Pflanzenextrakten<\/p>\n<\/li>\n<\/ul>\n<hr class=\"\" data-start=\"869\" data-end=\"872\" \/>\n<h3 class=\"\" data-start=\"874\" data-end=\"903\">\ud83d\udd52 <strong data-start=\"881\" data-end=\"903\">Verzehrempfehlung:<\/strong><\/h3>\n<p class=\"\" data-start=\"904\" data-end=\"1092\">T\u00e4glich <strong data-start=\"912\" data-end=\"948\">2 Kapseln mit ausreichend Wasser<\/strong> einnehmen.<br data-start=\"959\" data-end=\"962\" \/>Bitte die empfohlene Tagesdosis nicht \u00fcberschreiten. F\u00fcr optimale Wirkung: ausgewogene Ern\u00e4hrung und gesunder Lebensstil erg\u00e4nzen.<\/p>\n","protected":false},"excerpt":{"rendered":"<p data-start=\"231\" data-end=\"674\">\u201ePustyrnik ALTAI Kapseln unterst\u00fctzen Sie in belastenden Zeiten dabei, Ruhe zu bewahren und innere Ausgeglichenheit zu f\u00f6rdern.<\/p>\n","protected":false},"featured_media":2002,"template":"","meta":{"site-sidebar-layout":"default","site-content-layout":"","ast-site-content-layout":"default","site-content-style":"default","site-sidebar-style":"default","ast-global-header-display":"","ast-banner-title-visibility":"","ast-main-header-display":"","ast-hfb-above-header-display":"","ast-hfb-below-header-display":"","ast-hfb-mobile-header-display":"","site-post-title":"","ast-breadcrumbs-content":"","ast-featured-img":"","footer-sml-layout":"","theme-transparent-header-meta":"default","adv-header-id-meta":"","stick-header-meta":"","header-above-stick-meta":"","header-main-stick-meta":"","header-below-stick-meta":"","astra-migrate-meta-layouts":"set","ast-page-background-enabled":"default","ast-page-background-meta":{"desktop":{"background-color":"","background-image":"","background-repeat":"repeat","background-position":"center center","background-size":"auto","background-attachment":"scroll","background-type":"","background-media":"","overlay-type":"","overlay-color":"","overlay-opacity":"","overlay-gradient":""},"tablet":{"background-color":"","background-image":"","background-repeat":"repeat","background-position":"center center","background-size":"auto","background-attachment":"scroll","background-type":"","background-media":"","overlay-type":"","overlay-color":"","overlay-opacity":"","overlay-gradient":""},"mobile":{"background-color":"","background-image":"","background-repeat":"repeat","background-position":"center center","background-size":"auto","background-attachment":"scroll","background-type":"","background-media":"","overlay-type":"","overlay-color":"","overlay-opacity":"","overlay-gradient":""}},"ast-content-background-meta":{"desktop":{"background-color":"var(--ast-global-color-5)","background-image":"","background-repeat":"repeat","background-position":"center center","background-size":"auto","background-attachment":"scroll","background-type":"","background-media":"","overlay-type":"","overlay-color":"","overlay-opacity":"","overlay-gradient":""},"tablet":{"background-color":"var(--ast-global-color-5)","background-image":"","background-repeat":"repeat","background-position":"center center","background-size":"auto","background-attachment":"scroll","background-type":"","background-media":"","overlay-type":"","overlay-color":"","overlay-opacity":"","overlay-gradient":""},"mobile":{"background-color":"var(--ast-global-color-5)","background-image":"","background-repeat":"repeat","background-position":"center center","background-size":"auto","background-attachment":"scroll","background-type":"","background-media":"","overlay-type":"","overlay-color":"","overlay-opacity":"","overlay-gradient":""}}},"product_brand":[73],"product_cat":[39],"product_tag":[62,67,68,65,61,66,64,63],"class_list":{"0":"post-2000","1":"product","2":"type-product","3":"status-publish","4":"has-post-thumbnail","6":"product_brand-pustyrnik-altai","7":"product_cat-apotheke","8":"product_tag-entspannung","9":"product_tag-medikamente","10":"product_tag-natuerlich","11":"product_tag-nervoesitaet","12":"product_tag-pflanzen","13":"product_tag-pflanzenheilkunde","14":"product_tag-unruhe","15":"product_tag-vitamine","16":"desktop-align-center","17":"tablet-align-left","18":"mobile-align-left","20":"first","21":"instock","22":"taxable","23":"shipping-taxable","24":"purchasable","25":"product-type-simple"},"_links":{"self":[{"href":"https:\/\/medipro.lima-city.de\/index.php?rest_route=\/wp\/v2\/product\/2000","targetHints":{"allow":["GET"]}}],"collection":[{"href":"https:\/\/medipro.lima-city.de\/index.php?rest_route=\/wp\/v2\/product"}],"about":[{"href":"https:\/\/medipro.lima-city.de\/index.php?rest_route=\/wp\/v2\/types\/product"}],"wp:featuredmedia":[{"embeddable":true,"href":"https:\/\/medipro.lima-city.de\/index.php?rest_route=\/wp\/v2\/media\/2002"}],"wp:attachment":[{"href":"https:\/\/medipro.lima-city.de\/index.php?rest_route=%2Fwp%2Fv2%2Fmedia&parent=2000"}],"wp:term":[{"taxonomy":"product_brand","embeddable":true,"href":"https:\/\/medipro.lima-city.de\/index.php?rest_route=%2Fwp%2Fv2%2Fproduct_brand&post=2000"},{"taxonomy":"product_cat","embeddable":true,"href":"https:\/\/medipro.lima-city.de\/index.php?rest_route=%2Fwp%2Fv2%2Fproduct_cat&post=2000"},{"taxonomy":"product_tag","embeddable":true,"href":"https:\/\/medipro.lima-city.de\/index.php?rest_route=%2Fwp%2Fv2%2Fproduct_tag&post=2000"}],"curies":[{"name":"wp","href":"https:\/\/api.w.org\/{rel}","templated":true}]}}