{"id":1998,"date":"2025-05-16T14:29:24","date_gmt":"2025-05-16T12:29:24","guid":{"rendered":"https:\/\/medipro.lima-city.de\/?post_type=product&#038;p=1998"},"modified":"2025-05-23T13:53:38","modified_gmt":"2025-05-23T11:53:38","slug":"vitamin-c","status":"publish","type":"product","link":"https:\/\/medipro.lima-city.de\/?product=vitamin-c","title":{"rendered":"Vitamin C"},"content":{"rendered":"<p>Der Vitamin C Lieferant f\u00fcr jede Wetterlage.<\/p>\n","protected":false},"excerpt":{"rendered":"<p><strong>Vitamin C<\/strong>\u00a0ist f\u00fcr ein normales Immunsystem essentiell, aber auch von gro\u00dfer Bedeutung f\u00fcr gesunde Haut, Z\u00e4hne, Knochen und viele verschiedene Stoffwechselvorg\u00e4nge, die in unserem K\u00f6rper ablaufen. Mit dem fruchtigen Zitronengeschmack und guter Vertr\u00e4glichkeit kann Xenofit f\u00fcr die ganze Familie eingesetz werden. Durch die abwechslungsreiche Darreichungsform als Tee oder als Kaltgetr\u00e4nk ist f\u00fcr jeden Geschmack etwas dabei.<\/p>\n<ul>\n<li>zitroniger Geschmack<\/li>\n<li>kalt oder warm genie\u00dfbar<\/li>\n<li>unterst\u00fctzt das Immunsystem<\/li>\n<\/ul>\n","protected":false},"featured_media":1999,"template":"","meta":{"site-sidebar-layout":"default","site-content-layout":"","ast-site-content-layout":"default","site-content-style":"default","site-sidebar-style":"default","ast-global-header-display":"","ast-banner-title-visibility":"","ast-main-header-display":"","ast-hfb-above-header-display":"","ast-hfb-below-header-display":"","ast-hfb-mobile-header-display":"","site-post-title":"","ast-breadcrumbs-content":"","ast-featured-img":"","footer-sml-layout":"","theme-transparent-header-meta":"default","adv-header-id-meta":"","stick-header-meta":"","header-above-stick-meta":"","header-main-stick-meta":"","header-below-stick-meta":"","astra-migrate-meta-layouts":"set","ast-page-background-enabled":"default","ast-page-background-meta":{"desktop":{"background-color":"","background-image":"","background-repeat":"repeat","background-position":"center center","background-size":"auto","background-attachment":"scroll","background-type":"","background-media":"","overlay-type":"","overlay-color":"","overlay-opacity":"","overlay-gradient":""},"tablet":{"background-color":"","background-image":"","background-repeat":"repeat","background-position":"center center","background-size":"auto","background-attachment":"scroll","background-type":"","background-media":"","overlay-type":"","overlay-color":"","overlay-opacity":"","overlay-gradient":""},"mobile":{"background-color":"","background-image":"","background-repeat":"repeat","background-position":"center center","background-size":"auto","background-attachment":"scroll","background-type":"","background-media":"","overlay-type":"","overlay-color":"","overlay-opacity":"","overlay-gradient":""}},"ast-content-background-meta":{"desktop":{"background-color":"var(--ast-global-color-5)","background-image":"","background-repeat":"repeat","background-position":"center center","background-size":"auto","background-attachment":"scroll","background-type":"","background-media":"","overlay-type":"","overlay-color":"","overlay-opacity":"","overlay-gradient":""},"tablet":{"background-color":"var(--ast-global-color-5)","background-image":"","background-repeat":"repeat","background-position":"center center","background-size":"auto","background-attachment":"scroll","background-type":"","background-media":"","overlay-type":"","overlay-color":"","overlay-opacity":"","overlay-gradient":""},"mobile":{"background-color":"var(--ast-global-color-5)","background-image":"","background-repeat":"repeat","background-position":"center center","background-size":"auto","background-attachment":"scroll","background-type":"","background-media":"","overlay-type":"","overlay-color":"","overlay-opacity":"","overlay-gradient":""}}},"product_brand":[74],"product_cat":[39],"product_tag":[76,78,75,63,77],"class_list":{"0":"post-1998","1":"product","2":"type-product","3":"status-publish","4":"has-post-thumbnail","6":"product_brand-xenofit","7":"product_cat-apotheke","8":"product_tag-c","9":"product_tag-erkaeltung","10":"product_tag-vitamin-c","11":"product_tag-vitamine","12":"product_tag-zitrone","13":"desktop-align-center","14":"tablet-align-left","15":"mobile-align-left","17":"first","18":"instock","19":"sale","20":"taxable","21":"shipping-taxable","22":"purchasable","23":"product-type-simple"},"_links":{"self":[{"href":"https:\/\/medipro.lima-city.de\/index.php?rest_route=\/wp\/v2\/product\/1998","targetHints":{"allow":["GET"]}}],"collection":[{"href":"https:\/\/medipro.lima-city.de\/index.php?rest_route=\/wp\/v2\/product"}],"about":[{"href":"https:\/\/medipro.lima-city.de\/index.php?rest_route=\/wp\/v2\/types\/product"}],"wp:featuredmedia":[{"embeddable":true,"href":"https:\/\/medipro.lima-city.de\/index.php?rest_route=\/wp\/v2\/media\/1999"}],"wp:attachment":[{"href":"https:\/\/medipro.lima-city.de\/index.php?rest_route=%2Fwp%2Fv2%2Fmedia&parent=1998"}],"wp:term":[{"taxonomy":"product_brand","embeddable":true,"href":"https:\/\/medipro.lima-city.de\/index.php?rest_route=%2Fwp%2Fv2%2Fproduct_brand&post=1998"},{"taxonomy":"product_cat","embeddable":true,"href":"https:\/\/medipro.lima-city.de\/index.php?rest_route=%2Fwp%2Fv2%2Fproduct_cat&post=1998"},{"taxonomy":"product_tag","embeddable":true,"href":"https:\/\/medipro.lima-city.de\/index.php?rest_route=%2Fwp%2Fv2%2Fproduct_tag&post=1998"}],"curies":[{"name":"wp","href":"https:\/\/api.w.org\/{rel}","templated":true}]}}