{"id":1972,"date":"2025-05-15T19:52:11","date_gmt":"2025-05-15T17:52:11","guid":{"rendered":"https:\/\/medipro.lima-city.de\/?post_type=product&#038;p=1972"},"modified":"2025-05-23T13:57:31","modified_gmt":"2025-05-23T11:57:31","slug":"frauen-wellness-yoga-plaene","status":"publish","type":"product","link":"https:\/\/medipro.lima-city.de\/?product=frauen-wellness-yoga-plaene","title":{"rendered":"AuraWave Yoga"},"content":{"rendered":"<p>FeminaFlow unterst\u00fctzt dich dabei, deine hormonelle Balance, innere Ruhe und k\u00f6rperliche Kraft zu st\u00e4rken. Mit sanften Yoga-\u00dcbungen, Meditationen und pers\u00f6nlichem Coaching findest du Entspannung und neue Energie \u2013 perfekt f\u00fcr jede Lebensphase.<\/p>\n<ul>\n<li class=\"\" data-start=\"328\" data-end=\"425\">\n<p class=\"\" data-start=\"330\" data-end=\"425\">Zugang zu 4 gef\u00fchrten Yoga-Videos (je 20 Min) speziell f\u00fcr hormonelle Balance und Entspannung<\/p>\n<\/li>\n<li class=\"\" data-start=\"428\" data-end=\"482\">\n<p class=\"\" data-start=\"430\" data-end=\"482\">Einf\u00fchrung in Atem\u00fcbungen und Meditationstechniken<\/p>\n<\/li>\n<li class=\"\" data-start=\"485\" data-end=\"528\">\n<p class=\"\" data-start=\"487\" data-end=\"528\">Monatlicher Newsletter mit Wellness-Tipp<\/p>\n<\/li>\n<\/ul>\n","protected":false},"excerpt":{"rendered":"<p>FeminaFlow unterst\u00fctzt dich dabei, deine hormonelle Balance, innere Ruhe und k\u00f6rperliche Kraft zu st\u00e4rken. Mit sanften Yoga-\u00dcbungen, Meditationen und pers\u00f6nlichem Coaching findest du Entspannung und neue Energie \u2013 perfekt f\u00fcr jede Lebensphase. Zugang zu 4 gef\u00fchrten Yoga-Videos (je 20 Min) speziell f\u00fcr hormonelle Balance und Entspannung Einf\u00fchrung in Atem\u00fcbungen und Meditationstechniken Monatlicher Newsletter mit Wellness-Tipp<\/p>\n","protected":false},"featured_media":1973,"template":"","meta":{"site-sidebar-layout":"default","site-content-layout":"","ast-site-content-layout":"default","site-content-style":"default","site-sidebar-style":"default","ast-global-header-display":"","ast-banner-title-visibility":"","ast-main-header-display":"","ast-hfb-above-header-display":"","ast-hfb-below-header-display":"","ast-hfb-mobile-header-display":"","site-post-title":"","ast-breadcrumbs-content":"","ast-featured-img":"","footer-sml-layout":"","theme-transparent-header-meta":"default","adv-header-id-meta":"","stick-header-meta":"","header-above-stick-meta":"","header-main-stick-meta":"","header-below-stick-meta":"","astra-migrate-meta-layouts":"set","ast-page-background-enabled":"default","ast-page-background-meta":{"desktop":{"background-color":"","background-image":"","background-repeat":"repeat","background-position":"center center","background-size":"auto","background-attachment":"scroll","background-type":"","background-media":"","overlay-type":"","overlay-color":"","overlay-opacity":"","overlay-gradient":""},"tablet":{"background-color":"","background-image":"","background-repeat":"repeat","background-position":"center center","background-size":"auto","background-attachment":"scroll","background-type":"","background-media":"","overlay-type":"","overlay-color":"","overlay-opacity":"","overlay-gradient":""},"mobile":{"background-color":"","background-image":"","background-repeat":"repeat","background-position":"center center","background-size":"auto","background-attachment":"scroll","background-type":"","background-media":"","overlay-type":"","overlay-color":"","overlay-opacity":"","overlay-gradient":""}},"ast-content-background-meta":{"desktop":{"background-color":"var(--ast-global-color-5)","background-image":"","background-repeat":"repeat","background-position":"center center","background-size":"auto","background-attachment":"scroll","background-type":"","background-media":"","overlay-type":"","overlay-color":"","overlay-opacity":"","overlay-gradient":""},"tablet":{"background-color":"var(--ast-global-color-5)","background-image":"","background-repeat":"repeat","background-position":"center center","background-size":"auto","background-attachment":"scroll","background-type":"","background-media":"","overlay-type":"","overlay-color":"","overlay-opacity":"","overlay-gradient":""},"mobile":{"background-color":"var(--ast-global-color-5)","background-image":"","background-repeat":"repeat","background-position":"center center","background-size":"auto","background-attachment":"scroll","background-type":"","background-media":"","overlay-type":"","overlay-color":"","overlay-opacity":"","overlay-gradient":""}}},"product_brand":[],"product_cat":[35],"product_tag":[98,100,62,94,105,107,95,102,103,97,104,106,99,108,96,101],"class_list":{"0":"post-1972","1":"product","2":"type-product","3":"status-publish","4":"has-post-thumbnail","6":"product_cat-wellness-produkte","7":"product_tag-atemuebungen","8":"product_tag-coaching","9":"product_tag-entspannung","10":"product_tag-feminaflow","11":"product_tag-frauenwohlbefinden","12":"product_tag-gefuehrte-meditation","13":"product_tag-hormonbalance","14":"product_tag-hormonelle-balance","15":"product_tag-innere-ruhe","16":"product_tag-meditation","17":"product_tag-neue-energie","18":"product_tag-sanftes-yoga","19":"product_tag-wellness","20":"product_tag-wellness-tipps","21":"product_tag-yoga-fuer-frauen","22":"product_tag-yoga-video","23":"desktop-align-center","24":"tablet-align-left","25":"mobile-align-left","27":"first","28":"instock","29":"taxable","30":"shipping-taxable","31":"purchasable","32":"product-type-simple"},"_links":{"self":[{"href":"https:\/\/medipro.lima-city.de\/index.php?rest_route=\/wp\/v2\/product\/1972","targetHints":{"allow":["GET"]}}],"collection":[{"href":"https:\/\/medipro.lima-city.de\/index.php?rest_route=\/wp\/v2\/product"}],"about":[{"href":"https:\/\/medipro.lima-city.de\/index.php?rest_route=\/wp\/v2\/types\/product"}],"wp:featuredmedia":[{"embeddable":true,"href":"https:\/\/medipro.lima-city.de\/index.php?rest_route=\/wp\/v2\/media\/1973"}],"wp:attachment":[{"href":"https:\/\/medipro.lima-city.de\/index.php?rest_route=%2Fwp%2Fv2%2Fmedia&parent=1972"}],"wp:term":[{"taxonomy":"product_brand","embeddable":true,"href":"https:\/\/medipro.lima-city.de\/index.php?rest_route=%2Fwp%2Fv2%2Fproduct_brand&post=1972"},{"taxonomy":"product_cat","embeddable":true,"href":"https:\/\/medipro.lima-city.de\/index.php?rest_route=%2Fwp%2Fv2%2Fproduct_cat&post=1972"},{"taxonomy":"product_tag","embeddable":true,"href":"https:\/\/medipro.lima-city.de\/index.php?rest_route=%2Fwp%2Fv2%2Fproduct_tag&post=1972"}],"curies":[{"name":"wp","href":"https:\/\/api.w.org\/{rel}","templated":true}]}}