{"id":1967,"date":"2025-05-15T19:33:32","date_gmt":"2025-05-15T17:33:32","guid":{"rendered":"https:\/\/medipro.lima-city.de\/?post_type=product&#038;p=1967"},"modified":"2025-06-01T10:14:40","modified_gmt":"2025-06-01T08:14:40","slug":"balancevital-session-deine-persoenliche-online-wellness-beratung","status":"publish","type":"product","link":"https:\/\/medipro.lima-city.de\/?product=balancevital-session-deine-persoenliche-online-wellness-beratung","title":{"rendered":"BalanceVital Session \u2013 Deine pers\u00f6nliche Online-Wellness-Beratung"},"content":{"rendered":"<p class=\"\" data-start=\"418\" data-end=\"647\">In dieser 30-min\u00fctigen <strong data-start=\"441\" data-end=\"474\">individuellen Online-Beratung<\/strong> bekommst du professionelle Unterst\u00fctzung rund um das Thema <strong data-start=\"534\" data-end=\"566\">nat\u00fcrliche Wellness-Produkte<\/strong>, <strong data-start=\"568\" data-end=\"596\">Nahrungserg\u00e4nzungsmittel<\/strong>, <strong data-start=\"598\" data-end=\"620\">Schlafverbesserung<\/strong> und <strong data-start=\"625\" data-end=\"646\">Stressbew\u00e4ltigung<\/strong>.<\/p>\n<p class=\"\" data-start=\"649\" data-end=\"844\">Unsere zertifizierte<em data-start=\"669\" data-end=\"706\">r Wellness-Coach oder Heilpraktiker<\/em>in geht gezielt auf deine Bed\u00fcrfnisse ein und hilft dir dabei, die passenden Produkte oder Routinen zu finden \u2013 <strong data-start=\"818\" data-end=\"843\">ganz ohne Medikamente<\/strong>.<\/p>\n","protected":false},"excerpt":{"rendered":"<p>In dieser 30-min\u00fctigen individuellen Online-Beratung bekommst du professionelle Unterst\u00fctzung rund um das Thema nat\u00fcrliche Wellness-Produkte, Nahrungserg\u00e4nzungsmittel, Schlafverbesserung und Stressbew\u00e4ltigung. Unsere zertifizierter Wellness-Coach oder Heilpraktikerin geht gezielt auf deine Bed\u00fcrfnisse ein und hilft dir dabei, die passenden Produkte oder Routinen zu finden \u2013 ganz ohne Medikamente.<\/p>\n","protected":false},"featured_media":1971,"template":"","meta":{"site-sidebar-layout":"default","site-content-layout":"","ast-site-content-layout":"default","site-content-style":"default","site-sidebar-style":"default","ast-global-header-display":"","ast-banner-title-visibility":"","ast-main-header-display":"","ast-hfb-above-header-display":"","ast-hfb-below-header-display":"","ast-hfb-mobile-header-display":"","site-post-title":"","ast-breadcrumbs-content":"","ast-featured-img":"","footer-sml-layout":"","theme-transparent-header-meta":"default","adv-header-id-meta":"","stick-header-meta":"","header-above-stick-meta":"","header-main-stick-meta":"","header-below-stick-meta":"","astra-migrate-meta-layouts":"set","ast-page-background-enabled":"default","ast-page-background-meta":{"desktop":{"background-color":"","background-image":"","background-repeat":"repeat","background-position":"center center","background-size":"auto","background-attachment":"scroll","background-type":"","background-media":"","overlay-type":"","overlay-color":"","overlay-opacity":"","overlay-gradient":""},"tablet":{"background-color":"","background-image":"","background-repeat":"repeat","background-position":"center center","background-size":"auto","background-attachment":"scroll","background-type":"","background-media":"","overlay-type":"","overlay-color":"","overlay-opacity":"","overlay-gradient":""},"mobile":{"background-color":"","background-image":"","background-repeat":"repeat","background-position":"center center","background-size":"auto","background-attachment":"scroll","background-type":"","background-media":"","overlay-type":"","overlay-color":"","overlay-opacity":"","overlay-gradient":""}},"ast-content-background-meta":{"desktop":{"background-color":"var(--ast-global-color-5)","background-image":"","background-repeat":"repeat","background-position":"center center","background-size":"auto","background-attachment":"scroll","background-type":"","background-media":"","overlay-type":"","overlay-color":"","overlay-opacity":"","overlay-gradient":""},"tablet":{"background-color":"var(--ast-global-color-5)","background-image":"","background-repeat":"repeat","background-position":"center center","background-size":"auto","background-attachment":"scroll","background-type":"","background-media":"","overlay-type":"","overlay-color":"","overlay-opacity":"","overlay-gradient":""},"mobile":{"background-color":"var(--ast-global-color-5)","background-image":"","background-repeat":"repeat","background-position":"center center","background-size":"auto","background-attachment":"scroll","background-type":"","background-media":"","overlay-type":"","overlay-color":"","overlay-opacity":"","overlay-gradient":""}}},"product_brand":[],"product_cat":[35],"product_tag":[136,135,131,129,126,125,132,133,123,134,127,128,124,137,130],"class_list":{"0":"post-1967","1":"product","2":"type-product","3":"status-publish","4":"has-post-thumbnail","6":"product_cat-wellness-produkte","7":"product_tag-ganzheitliche-unterstuetzung","8":"product_tag-gesundheitsberatung","9":"product_tag-heilpraktikerin","10":"product_tag-individuelle-beratung","11":"product_tag-nahrungsergaenzung","12":"product_tag-natuerliche-produkte","13":"product_tag-natuerliche-wellness","14":"product_tag-ohne-medikamente","15":"product_tag-online-beratung","16":"product_tag-persoenliche-betreuung","17":"product_tag-schlaf-verbessern","18":"product_tag-stressbewaeltigung","19":"product_tag-wellness-coaching","20":"product_tag-wellness-routine","21":"product_tag-zertifizierter-coach","22":"desktop-align-center","23":"tablet-align-left","24":"mobile-align-left","26":"first","27":"instock","28":"virtual","29":"taxable","30":"purchasable","31":"product-type-simple"},"_links":{"self":[{"href":"https:\/\/medipro.lima-city.de\/index.php?rest_route=\/wp\/v2\/product\/1967","targetHints":{"allow":["GET"]}}],"collection":[{"href":"https:\/\/medipro.lima-city.de\/index.php?rest_route=\/wp\/v2\/product"}],"about":[{"href":"https:\/\/medipro.lima-city.de\/index.php?rest_route=\/wp\/v2\/types\/product"}],"wp:featuredmedia":[{"embeddable":true,"href":"https:\/\/medipro.lima-city.de\/index.php?rest_route=\/wp\/v2\/media\/1971"}],"wp:attachment":[{"href":"https:\/\/medipro.lima-city.de\/index.php?rest_route=%2Fwp%2Fv2%2Fmedia&parent=1967"}],"wp:term":[{"taxonomy":"product_brand","embeddable":true,"href":"https:\/\/medipro.lima-city.de\/index.php?rest_route=%2Fwp%2Fv2%2Fproduct_brand&post=1967"},{"taxonomy":"product_cat","embeddable":true,"href":"https:\/\/medipro.lima-city.de\/index.php?rest_route=%2Fwp%2Fv2%2Fproduct_cat&post=1967"},{"taxonomy":"product_tag","embeddable":true,"href":"https:\/\/medipro.lima-city.de\/index.php?rest_route=%2Fwp%2Fv2%2Fproduct_tag&post=1967"}],"curies":[{"name":"wp","href":"https:\/\/api.w.org\/{rel}","templated":true}]}}