{"id":1724,"date":"2025-05-12T21:12:11","date_gmt":"2025-05-12T19:12:11","guid":{"rendered":"https:\/\/medipro.lima-city.de\/?post_type=product&#038;p=1724"},"modified":"2025-05-23T14:00:02","modified_gmt":"2025-05-23T12:00:02","slug":"easynasan-05-mg-ml-nasenspray-10-milliliter","status":"publish","type":"product","link":"https:\/\/medipro.lima-city.de\/?product=easynasan-05-mg-ml-nasenspray-10-milliliter","title":{"rendered":"easynasan 0,5 mg\/ml Nasenspray &#8211; 10 Milliliter"},"content":{"rendered":"<p>easynasan junior ist ein Arzneimittel zur Behandlung von Schnupfen. Sorgt f\u00fcr die Abschwellung der entz\u00fcndeten Nasenschleimhaut ab und eine Verminderung der \u00fcberm\u00e4\u00dfigen Sekretabsonderung.<\/p>\n","protected":false},"excerpt":{"rendered":"<p>easynasan junior ist ein Arzneimittel zur Behandlung von Schnupfen. Sorgt f\u00fcr die Abschwellung der entz\u00fcndeten Nasenschleimhaut ab und eine Verminderung der \u00fcberm\u00e4\u00dfigen Sekretabsonderung.<\/p>\n","protected":false},"featured_media":1997,"template":"","meta":{"site-sidebar-layout":"default","site-content-layout":"","ast-site-content-layout":"default","site-content-style":"default","site-sidebar-style":"default","ast-global-header-display":"","ast-banner-title-visibility":"","ast-main-header-display":"","ast-hfb-above-header-display":"","ast-hfb-below-header-display":"","ast-hfb-mobile-header-display":"","site-post-title":"","ast-breadcrumbs-content":"","ast-featured-img":"","footer-sml-layout":"","theme-transparent-header-meta":"default","adv-header-id-meta":"","stick-header-meta":"","header-above-stick-meta":"","header-main-stick-meta":"","header-below-stick-meta":"","astra-migrate-meta-layouts":"set","ast-page-background-enabled":"default","ast-page-background-meta":{"desktop":{"background-color":"","background-image":"","background-repeat":"repeat","background-position":"center center","background-size":"auto","background-attachment":"scroll","background-type":"","background-media":"","overlay-type":"","overlay-color":"","overlay-opacity":"","overlay-gradient":""},"tablet":{"background-color":"","background-image":"","background-repeat":"repeat","background-position":"center center","background-size":"auto","background-attachment":"scroll","background-type":"","background-media":"","overlay-type":"","overlay-color":"","overlay-opacity":"","overlay-gradient":""},"mobile":{"background-color":"","background-image":"","background-repeat":"repeat","background-position":"center center","background-size":"auto","background-attachment":"scroll","background-type":"","background-media":"","overlay-type":"","overlay-color":"","overlay-opacity":"","overlay-gradient":""}},"ast-content-background-meta":{"desktop":{"background-color":"var(--ast-global-color-5)","background-image":"","background-repeat":"repeat","background-position":"center center","background-size":"auto","background-attachment":"scroll","background-type":"","background-media":"","overlay-type":"","overlay-color":"","overlay-opacity":"","overlay-gradient":""},"tablet":{"background-color":"var(--ast-global-color-5)","background-image":"","background-repeat":"repeat","background-position":"center center","background-size":"auto","background-attachment":"scroll","background-type":"","background-media":"","overlay-type":"","overlay-color":"","overlay-opacity":"","overlay-gradient":""},"mobile":{"background-color":"var(--ast-global-color-5)","background-image":"","background-repeat":"repeat","background-position":"center center","background-size":"auto","background-attachment":"scroll","background-type":"","background-media":"","overlay-type":"","overlay-color":"","overlay-opacity":"","overlay-gradient":""}}},"product_brand":[148],"product_cat":[20],"product_tag":[155,156,149,154,157,152,151,158,150,153],"class_list":{"0":"post-1724","1":"product","2":"type-product","3":"status-publish","4":"has-post-thumbnail","6":"product_brand-easynasan","7":"product_cat-unkategorisiert","8":"product_tag-abschwellendes-nasenspray","9":"product_tag-atemwegserkrankung","10":"product_tag-chatgpt-said-easynasan-junior","11":"product_tag-erkaeltung-kinder","12":"product_tag-kindgerechtes-arzneimittel","13":"product_tag-nasenschleimhaut-abschwellend","14":"product_tag-nasenspray-kinder","15":"product_tag-schnupfenbehandlung","16":"product_tag-schnupfenmittel","17":"product_tag-sekretabsonderung-vermindern","18":"desktop-align-center","19":"tablet-align-left","20":"mobile-align-left","22":"first","23":"instock","24":"sale","25":"taxable","26":"shipping-taxable","27":"purchasable","28":"product-type-simple"},"_links":{"self":[{"href":"https:\/\/medipro.lima-city.de\/index.php?rest_route=\/wp\/v2\/product\/1724","targetHints":{"allow":["GET"]}}],"collection":[{"href":"https:\/\/medipro.lima-city.de\/index.php?rest_route=\/wp\/v2\/product"}],"about":[{"href":"https:\/\/medipro.lima-city.de\/index.php?rest_route=\/wp\/v2\/types\/product"}],"wp:featuredmedia":[{"embeddable":true,"href":"https:\/\/medipro.lima-city.de\/index.php?rest_route=\/wp\/v2\/media\/1997"}],"wp:attachment":[{"href":"https:\/\/medipro.lima-city.de\/index.php?rest_route=%2Fwp%2Fv2%2Fmedia&parent=1724"}],"wp:term":[{"taxonomy":"product_brand","embeddable":true,"href":"https:\/\/medipro.lima-city.de\/index.php?rest_route=%2Fwp%2Fv2%2Fproduct_brand&post=1724"},{"taxonomy":"product_cat","embeddable":true,"href":"https:\/\/medipro.lima-city.de\/index.php?rest_route=%2Fwp%2Fv2%2Fproduct_cat&post=1724"},{"taxonomy":"product_tag","embeddable":true,"href":"https:\/\/medipro.lima-city.de\/index.php?rest_route=%2Fwp%2Fv2%2Fproduct_tag&post=1724"}],"curies":[{"name":"wp","href":"https:\/\/api.w.org\/{rel}","templated":true}]}}