{"id":1716,"date":"2025-05-12T21:09:31","date_gmt":"2025-05-12T19:09:31","guid":{"rendered":"https:\/\/medipro.lima-city.de\/?post_type=product&#038;p=1716"},"modified":"2025-06-01T10:14:40","modified_gmt":"2025-06-01T08:14:40","slug":"mexalen-500-mg-tabletten-60-stueck","status":"publish","type":"product","link":"https:\/\/medipro.lima-city.de\/?product=mexalen-500-mg-tabletten-60-stueck","title":{"rendered":"Mexalen\u00ae 500 mg Tabletten &#8211; 60 St\u00fcck"},"content":{"rendered":"<p>Mexalen 500 mg-Tabletten enthalten den schmerzstillenden und fiebersenkenden Wirkstoff Paracetamol. Wird angewendet bei leichten bis m\u00e4\u00dfig starken Schmerzen wie z.B. Kopfschmerzen, Zahnschmerzen, Regelschmerzen, sowie Fieber und Schmerzen bei Erk\u00e4ltungskrankheiten und grippalen Infekten.<\/p>\n","protected":false},"excerpt":{"rendered":"<p>Mexalen 500 mg-Tabletten enthalten den schmerzstillenden und fiebersenkenden Wirkstoff Paracetamol. Wird angewendet bei leichten bis m\u00e4\u00dfig starken Schmerzen wie z.B. Kopfschmerzen, Zahnschmerzen, Regelschmerzen, sowie Fieber und Schmerzen bei Erk\u00e4ltungskrankheiten und grippalen Infekten.<\/p>\n","protected":false},"featured_media":1994,"template":"","meta":{"site-sidebar-layout":"default","site-content-layout":"","ast-site-content-layout":"default","site-content-style":"default","site-sidebar-style":"default","ast-global-header-display":"","ast-banner-title-visibility":"","ast-main-header-display":"","ast-hfb-above-header-display":"","ast-hfb-below-header-display":"","ast-hfb-mobile-header-display":"","site-post-title":"","ast-breadcrumbs-content":"","ast-featured-img":"","footer-sml-layout":"","theme-transparent-header-meta":"default","adv-header-id-meta":"","stick-header-meta":"","header-above-stick-meta":"","header-main-stick-meta":"","header-below-stick-meta":"","astra-migrate-meta-layouts":"set","ast-page-background-enabled":"default","ast-page-background-meta":{"desktop":{"background-color":"","background-image":"","background-repeat":"repeat","background-position":"center center","background-size":"auto","background-attachment":"scroll","background-type":"","background-media":"","overlay-type":"","overlay-color":"","overlay-opacity":"","overlay-gradient":""},"tablet":{"background-color":"","background-image":"","background-repeat":"repeat","background-position":"center center","background-size":"auto","background-attachment":"scroll","background-type":"","background-media":"","overlay-type":"","overlay-color":"","overlay-opacity":"","overlay-gradient":""},"mobile":{"background-color":"","background-image":"","background-repeat":"repeat","background-position":"center center","background-size":"auto","background-attachment":"scroll","background-type":"","background-media":"","overlay-type":"","overlay-color":"","overlay-opacity":"","overlay-gradient":""}},"ast-content-background-meta":{"desktop":{"background-color":"var(--ast-global-color-5)","background-image":"","background-repeat":"repeat","background-position":"center center","background-size":"auto","background-attachment":"scroll","background-type":"","background-media":"","overlay-type":"","overlay-color":"","overlay-opacity":"","overlay-gradient":""},"tablet":{"background-color":"var(--ast-global-color-5)","background-image":"","background-repeat":"repeat","background-position":"center center","background-size":"auto","background-attachment":"scroll","background-type":"","background-media":"","overlay-type":"","overlay-color":"","overlay-opacity":"","overlay-gradient":""},"mobile":{"background-color":"var(--ast-global-color-5)","background-image":"","background-repeat":"repeat","background-position":"center center","background-size":"auto","background-attachment":"scroll","background-type":"","background-media":"","overlay-type":"","overlay-color":"","overlay-opacity":"","overlay-gradient":""}}},"product_brand":[159],"product_cat":[20],"product_tag":[164,78,166,143,140,163,145,165,160,138,162,147,139,142,161],"class_list":{"0":"post-1716","1":"product","2":"type-product","3":"status-publish","4":"has-post-thumbnail","6":"product_brand-mexalen","7":"product_cat-unkategorisiert","8":"product_tag-500-mg-tabletten","9":"product_tag-erkaeltung","10":"product_tag-erkaeltungsschmerzen","11":"product_tag-fiebersenkend","12":"product_tag-fiebersenker","13":"product_tag-grippe","14":"product_tag-kopfschmerzen","15":"product_tag-leichte-bis-maessige-schmerzen","16":"product_tag-mexalen","17":"product_tag-paracetamol","18":"product_tag-regelschmerzen","19":"product_tag-rezeptfrei","20":"product_tag-schmerzmittel","21":"product_tag-schmerzstillend","22":"product_tag-zahnschmerzen","23":"desktop-align-center","24":"tablet-align-left","25":"mobile-align-left","27":"first","28":"instock","29":"taxable","30":"shipping-taxable","31":"purchasable","32":"product-type-simple"},"_links":{"self":[{"href":"https:\/\/medipro.lima-city.de\/index.php?rest_route=\/wp\/v2\/product\/1716","targetHints":{"allow":["GET"]}}],"collection":[{"href":"https:\/\/medipro.lima-city.de\/index.php?rest_route=\/wp\/v2\/product"}],"about":[{"href":"https:\/\/medipro.lima-city.de\/index.php?rest_route=\/wp\/v2\/types\/product"}],"wp:featuredmedia":[{"embeddable":true,"href":"https:\/\/medipro.lima-city.de\/index.php?rest_route=\/wp\/v2\/media\/1994"}],"wp:attachment":[{"href":"https:\/\/medipro.lima-city.de\/index.php?rest_route=%2Fwp%2Fv2%2Fmedia&parent=1716"}],"wp:term":[{"taxonomy":"product_brand","embeddable":true,"href":"https:\/\/medipro.lima-city.de\/index.php?rest_route=%2Fwp%2Fv2%2Fproduct_brand&post=1716"},{"taxonomy":"product_cat","embeddable":true,"href":"https:\/\/medipro.lima-city.de\/index.php?rest_route=%2Fwp%2Fv2%2Fproduct_cat&post=1716"},{"taxonomy":"product_tag","embeddable":true,"href":"https:\/\/medipro.lima-city.de\/index.php?rest_route=%2Fwp%2Fv2%2Fproduct_tag&post=1716"}],"curies":[{"name":"wp","href":"https:\/\/api.w.org\/{rel}","templated":true}]}}