{"id":60,"date":"2025-04-25T16:53:14","date_gmt":"2025-04-25T14:53:14","guid":{"rendered":"https:\/\/medipro.lima-city.de\/?page_id=60"},"modified":"2025-05-14T20:33:37","modified_gmt":"2025-05-14T18:33:37","slug":"rueckerstattung_rueckgaben","status":"publish","type":"page","link":"https:\/\/medipro.lima-city.de\/?page_id=60","title":{"rendered":"Richtlinie f\u00fcr R\u00fcckerstattungen und R\u00fcckgaben"},"content":{"rendered":"\t\t<div data-elementor-type=\"wp-page\" data-elementor-id=\"60\" class=\"elementor elementor-60\">\n\t\t\t\t<div class=\"elementor-element elementor-element-1b34c056 e-flex e-con-boxed e-con e-parent\" data-id=\"1b34c056\" data-element_type=\"container\" data-settings=\"{&quot;background_background&quot;:&quot;classic&quot;}\">\n\t\t\t\t\t<div class=\"e-con-inner\">\n\t\t\t\t<div class=\"elementor-element elementor-element-4134f823 elementor-widget elementor-widget-text-editor\" data-id=\"4134f823\" data-element_type=\"widget\" data-widget_type=\"text-editor.default\">\n\t\t\t\t<div class=\"elementor-widget-container\">\n\t\t\t\t\t\t\t\t\t\n<h1 class=\"wp-block-heading\" data-start=\"0\" data-end=\"15\"><strong data-start=\"0\" data-end=\"13\">\u00dcbersicht<\/strong><\/h1>\n<p class=\"\" data-start=\"17\" data-end=\"217\">Unsere R\u00fcckgabe- und Erstattungsrichtlinie gilt f\u00fcr 30 Tage. Wenn seit Ihrem Kauf mehr als 30 Tage vergangen sind, k\u00f6nnen wir Ihnen keine vollst\u00e4ndige R\u00fcckerstattung oder einen Umtausch mehr anbieten.<\/p>\n<p class=\"\" data-start=\"219\" data-end=\"250\"><strong data-start=\"219\" data-end=\"248\">Berechtigung zur R\u00fcckgabe<\/strong><\/p>\n<ul data-start=\"251\" data-end=\"404\">\n<li class=\"\" data-start=\"251\" data-end=\"343\">\n<p class=\"\" data-start=\"253\" data-end=\"343\">Der Artikel muss unbenutzt und in demselben Zustand sein, in dem Sie ihn erhalten haben.<\/p>\n<\/li>\n<li class=\"\" data-start=\"344\" data-end=\"404\">\n<p class=\"\" data-start=\"346\" data-end=\"404\">Er muss in der Originalverpackung zur\u00fcckgesendet werden.<\/p>\n<\/li>\n<\/ul>\n<p class=\"\" data-start=\"406\" data-end=\"433\"><strong data-start=\"406\" data-end=\"431\">Ausgeschlossene Waren<\/strong><\/p>\n<ul data-start=\"434\" data-end=\"595\">\n<li class=\"\" data-start=\"434\" data-end=\"505\">\n<p class=\"\" data-start=\"436\" data-end=\"505\">Verderbliche Waren (Lebensmittel, Blumen, Zeitungen, Zeitschriften)<\/p>\n<\/li>\n<li class=\"\" data-start=\"506\" data-end=\"541\">\n<p class=\"\" data-start=\"508\" data-end=\"541\">Intime oder hygienische Artikel<\/p>\n<\/li>\n<li class=\"\" data-start=\"542\" data-end=\"595\">\n<p class=\"\" data-start=\"544\" data-end=\"595\">Gefahrstoffe oder entz\u00fcndliche Fl\u00fcssigkeiten\/Gase<\/p>\n<\/li>\n<\/ul>\n<p class=\"\" data-start=\"597\" data-end=\"633\"><strong data-start=\"597\" data-end=\"631\">Zus\u00e4tzlich nicht r\u00fcckgabef\u00e4hig<\/strong><\/p>\n<ul data-start=\"634\" data-end=\"733\">\n<li class=\"\" data-start=\"634\" data-end=\"656\">\n<p class=\"\" data-start=\"636\" data-end=\"656\">Geschenkgutscheine<\/p>\n<\/li>\n<li class=\"\" data-start=\"657\" data-end=\"682\">\n<p class=\"\" data-start=\"659\" data-end=\"682\">Software als Download<\/p>\n<\/li>\n<li class=\"\" data-start=\"683\" data-end=\"733\">\n<p class=\"\" data-start=\"685\" data-end=\"733\">Bestimmte Gesundheits- und K\u00f6rperpflegeartikel<\/p>\n<\/li>\n<\/ul>\n<p class=\"\" data-start=\"735\" data-end=\"863\">F\u00fcr die R\u00fcckgabe ben\u00f6tigen wir eine Quittung oder einen Kaufnachweis. Bitte senden Sie Ihre R\u00fccksendung nicht an den Hersteller.<\/p>\n<p class=\"\" data-start=\"865\" data-end=\"952\"><strong data-start=\"865\" data-end=\"891\">Teilweise Erstattungen<\/strong><br data-start=\"891\" data-end=\"894\" \/>In folgenden F\u00e4llen erfolgt nur eine Teilr\u00fcckerstattung:<\/p>\n<ul data-start=\"953\" data-end=\"1276\">\n<li class=\"\" data-start=\"953\" data-end=\"994\">\n<p class=\"\" data-start=\"955\" data-end=\"994\">B\u00fccher mit deutlichen Gebrauchsspuren<\/p>\n<\/li>\n<li class=\"\" data-start=\"995\" data-end=\"1091\">\n<p class=\"\" data-start=\"997\" data-end=\"1091\">Ge\u00f6ffnete CDs, DVDs, VHS-Kassetten, Software, Videospiele, Musikkassetten oder Schallplatten<\/p>\n<\/li>\n<li class=\"\" data-start=\"1092\" data-end=\"1205\">\n<p class=\"\" data-start=\"1094\" data-end=\"1205\">Artikel, die nicht im Originalzustand, besch\u00e4digt oder unvollst\u00e4ndig sind (sofern nicht durch unseren Fehler)<\/p>\n<\/li>\n<li class=\"\" data-start=\"1206\" data-end=\"1276\">\n<p class=\"\" data-start=\"1208\" data-end=\"1276\">Artikel, die mehr als 30 Tage nach Lieferung zur\u00fcckgesendet werden<\/p>\n<\/li>\n<\/ul>\n<h3 class=\"\" data-start=\"1283\" data-end=\"1301\">Erstattungen<\/h3>\n<p class=\"\" data-start=\"1302\" data-end=\"1582\">Sobald Ihre R\u00fccksendung eingegangen und gepr\u00fcft wurde, erhalten Sie eine E\u2011Mail mit der Best\u00e4tigung sowie der Entscheidung \u00fcber Ihre Erstattung. Ist die Erstattung genehmigt, wird der Betrag innerhalb weniger Tage automatisch auf Ihre urspr\u00fcngliche Zahlungs\u00admethode zur\u00fcckgebucht.<\/p>\n<h4 class=\"\" data-start=\"1584\" data-end=\"1625\">Sp\u00e4tere oder fehlende Erstattungen<\/h4>\n<ol data-start=\"1626\" data-end=\"1937\">\n<li class=\"\" data-start=\"1626\" data-end=\"1672\">\n<p class=\"\" data-start=\"1629\" data-end=\"1672\">Pr\u00fcfen Sie zun\u00e4chst Ihr Bankkonto erneut.<\/p>\n<\/li>\n<li class=\"\" data-start=\"1673\" data-end=\"1763\">\n<p class=\"\" data-start=\"1676\" data-end=\"1763\">Kontaktieren Sie Ihr Kreditkarten\u00adunternehmen \u2013 bis zur Buchung kann es etwas dauern.<\/p>\n<\/li>\n<li class=\"\" data-start=\"1764\" data-end=\"1840\">\n<p class=\"\" data-start=\"1767\" data-end=\"1840\">Wenden Sie sich an Ihre Bank; auch hier gibt es oft Bearbeitungszeiten.<\/p>\n<\/li>\n<li class=\"\" data-start=\"1841\" data-end=\"1937\">\n<p class=\"\" data-start=\"1844\" data-end=\"1937\">Sollte die Erstattung weiterhin ausstehen, kontaktieren Sie uns bitte unter {E\u2011Mail-Adresse}.<\/p>\n<\/li>\n<\/ol>\n<h3 class=\"\" data-start=\"1944\" data-end=\"1965\">Verkaufsartikel<\/h3>\n<p class=\"\" data-start=\"1966\" data-end=\"2077\">Nur regul\u00e4r preisgef\u00fchrte Artikel k\u00f6nnen erstattet werden. Sale\u2011Artikel sind von der Erstattung ausgeschlossen.<\/p>\n<h3 class=\"\" data-start=\"2084\" data-end=\"2098\">Umtausch<\/h3>\n<p class=\"\" data-start=\"2099\" data-end=\"2248\">Defekte oder besch\u00e4digte Artikel tauschen wir aus. Senden Sie uns dazu eine E\u2011Mail an {E\u2011Mail-Adresse} und senden Sie Ihren Artikel an:<br data-start=\"2234\" data-end=\"2237\" \/>{Anschrift}<\/p>\n<h3 class=\"\" data-start=\"2255\" data-end=\"2270\">Geschenke<\/h3>\n<ul data-start=\"2271\" data-end=\"2553\">\n<li class=\"\" data-start=\"2271\" data-end=\"2407\">\n<p class=\"\" data-start=\"2273\" data-end=\"2407\">Wurde der Artikel als Geschenk markiert und direkt an Sie versendet, erhalten Sie eine Geschenkgutschrift in H\u00f6he des R\u00fcckgabewerts.<\/p>\n<\/li>\n<li class=\"\" data-start=\"2408\" data-end=\"2553\">\n<p class=\"\" data-start=\"2410\" data-end=\"2553\">Wurde der Artikel nicht als Geschenk markiert oder an den Schenkenden geliefert, erstatten wir an den Schenkenden, der dar\u00fcber informiert wird.<\/p>\n<\/li>\n<\/ul>\n<h3 class=\"\" data-start=\"2560\" data-end=\"2584\">R\u00fccksendungskosten<\/h3>\n<p class=\"\" data-start=\"2585\" data-end=\"2630\">Senden Sie Ihre R\u00fccksendung an:<br data-start=\"2616\" data-end=\"2619\" \/>{Anschrift}<\/p>\n<p class=\"\" data-start=\"2632\" data-end=\"2805\">Sie tragen die Kosten f\u00fcr die R\u00fccksendung; diese sind nicht erstattungsf\u00e4hig. Erhalten Sie eine R\u00fcckerstattung, werden die R\u00fccksendekosten vom Erstattungsbetrag abgezogen.<\/p>\n<p class=\"\" data-start=\"2807\" data-end=\"3017\">Je nach Wohnort kann die Zustellung Ihres Umtausch\u00adartikels variieren. Bei h\u00f6herwertigen Artikeln empfehlen wir ein Sendungsverfolgung oder Versandversicherung. Eine R\u00fccksendungserfassung garantieren wir nicht.<\/p>\n<p class=\"\" data-start=\"3024\" data-end=\"3135\"><strong data-start=\"3024\" data-end=\"3047\">Brauchen Sie Hilfe?<\/strong><br data-start=\"3047\" data-end=\"3050\" \/>Bei Fragen zu R\u00fcckgaben und Erstattungen kontaktieren Sie uns unter {E\u2011Mail-Adresse}.<\/p>\n\t\t\t\t\t\t\t\t<\/div>\n\t\t\t\t<\/div>\n\t\t\t\t\t<\/div>\n\t\t\t\t<\/div>\n\t\t<div class=\"elementor-element elementor-element-6b54b57 e-flex e-con-boxed e-con e-parent\" data-id=\"6b54b57\" data-element_type=\"container\">\n\t\t\t\t\t<div class=\"e-con-inner\">\n\t\t\t\t\t<\/div>\n\t\t\t\t<\/div>\n\t\t\t\t<\/div>\n\t\t","protected":false},"excerpt":{"rendered":"<p>\u00dcbersicht Unsere R\u00fcckgabe- und Erstattungsrichtlinie gilt f\u00fcr 30 Tage. Wenn seit Ihrem Kauf mehr als 30 Tage vergangen sind, k\u00f6nnen wir Ihnen keine vollst\u00e4ndige R\u00fcckerstattung oder einen Umtausch mehr anbieten. Berechtigung zur R\u00fcckgabe Der Artikel muss unbenutzt und in demselben Zustand sein, in dem Sie ihn erhalten haben. Er muss in der Originalverpackung zur\u00fcckgesendet werden. [&hellip;]<\/p>\n","protected":false},"author":1,"featured_media":0,"parent":0,"menu_order":0,"comment_status":"closed","ping_status":"closed","template":"","meta":{"site-sidebar-layout":"default","site-content-layout":"","ast-site-content-layout":"","site-content-style":"default","site-sidebar-style":"default","ast-global-header-display":"","ast-banner-title-visibility":"","ast-main-header-display":"","ast-hfb-above-header-display":"","ast-hfb-below-header-display":"","ast-hfb-mobile-header-display":"","site-post-title":"","ast-breadcrumbs-content":"","ast-featured-img":"","footer-sml-layout":"","theme-transparent-header-meta":"","adv-header-id-meta":"","stick-header-meta":"","header-above-stick-meta":"","header-main-stick-meta":"","header-below-stick-meta":"","astra-migrate-meta-layouts":"default","ast-page-background-enabled":"default","ast-page-background-meta":{"desktop":{"background-color":"","background-image":"","background-repeat":"repeat","background-position":"center center","background-size":"auto","background-attachment":"scroll","background-type":"","background-media":"","overlay-type":"","overlay-color":"","overlay-opacity":"","overlay-gradient":""},"tablet":{"background-color":"","background-image":"","background-repeat":"repeat","background-position":"center center","background-size":"auto","background-attachment":"scroll","background-type":"","background-media":"","overlay-type":"","overlay-color":"","overlay-opacity":"","overlay-gradient":""},"mobile":{"background-color":"","background-image":"","background-repeat":"repeat","background-position":"center center","background-size":"auto","background-attachment":"scroll","background-type":"","background-media":"","overlay-type":"","overlay-color":"","overlay-opacity":"","overlay-gradient":""}},"ast-content-background-meta":{"desktop":{"background-color":"var(--ast-global-color-5)","background-image":"","background-repeat":"repeat","background-position":"center center","background-size":"auto","background-attachment":"scroll","background-type":"","background-media":"","overlay-type":"","overlay-color":"","overlay-opacity":"","overlay-gradient":""},"tablet":{"background-color":"var(--ast-global-color-5)","background-image":"","background-repeat":"repeat","background-position":"center center","background-size":"auto","background-attachment":"scroll","background-type":"","background-media":"","overlay-type":"","overlay-color":"","overlay-opacity":"","overlay-gradient":""},"mobile":{"background-color":"var(--ast-global-color-5)","background-image":"","background-repeat":"repeat","background-position":"center center","background-size":"auto","background-attachment":"scroll","background-type":"","background-media":"","overlay-type":"","overlay-color":"","overlay-opacity":"","overlay-gradient":""}},"footnotes":""},"class_list":["post-60","page","type-page","status-publish","hentry"],"_links":{"self":[{"href":"https:\/\/medipro.lima-city.de\/index.php?rest_route=\/wp\/v2\/pages\/60","targetHints":{"allow":["GET"]}}],"collection":[{"href":"https:\/\/medipro.lima-city.de\/index.php?rest_route=\/wp\/v2\/pages"}],"about":[{"href":"https:\/\/medipro.lima-city.de\/index.php?rest_route=\/wp\/v2\/types\/page"}],"author":[{"embeddable":true,"href":"https:\/\/medipro.lima-city.de\/index.php?rest_route=\/wp\/v2\/users\/1"}],"replies":[{"embeddable":true,"href":"https:\/\/medipro.lima-city.de\/index.php?rest_route=%2Fwp%2Fv2%2Fcomments&post=60"}],"version-history":[{"count":21,"href":"https:\/\/medipro.lima-city.de\/index.php?rest_route=\/wp\/v2\/pages\/60\/revisions"}],"predecessor-version":[{"id":1921,"href":"https:\/\/medipro.lima-city.de\/index.php?rest_route=\/wp\/v2\/pages\/60\/revisions\/1921"}],"wp:attachment":[{"href":"https:\/\/medipro.lima-city.de\/index.php?rest_route=%2Fwp%2Fv2%2Fmedia&parent=60"}],"curies":[{"name":"wp","href":"https:\/\/api.w.org\/{rel}","templated":true}]}}